{"id":9097,"date":"2025-11-01T01:15:30","date_gmt":"2025-11-01T01:15:30","guid":{"rendered":"https:\/\/nbautoprestige.com\/?post_type=product&#038;p=9097"},"modified":"2025-11-01T01:15:30","modified_gmt":"2025-11-01T01:15:30","slug":"volkswagen-t-roc-1-5-tsi-act-carat","status":"publish","type":"product","link":"https:\/\/nbautoprestige.com\/index.php\/produit\/volkswagen-t-roc-1-5-tsi-act-carat\/","title":{"rendered":"Volkswagen T-Roc 1.5 TSI ACT Carat"},"content":{"rendered":"<p>Volkswagen T-Roc 1.5 TSI ACT Carat 150ch , en tr\u00e8s bon \u00e9tat,<br \/>\nPremi\u00e8re mise en circulation : 10\/2020<br \/>\n19\u202f617 km<br \/>\nType de carburant: Essence<br \/>\nPuissance: 110 kW \/ 150 Ch.<br \/>\nCylindr\u00e9e: 1\u202f498 ccm<br \/>\nBoite de vitesse automatique<br \/>\nCarrosserie: SUV<br \/>\nCl\u00e9s: 2<br \/>\nNorme environnementale: EURO 6<br \/>\nNombre de places: 5<br \/>\nNombre de portes: 5<br \/>\n\u00c9missions de CO2: 155g\/km<\/p>\n","protected":false},"excerpt":{"rendered":"<p>Volkswagen T-Roc 1.5 TSI ACT Carat 150ch , en tr\u00e8s bon \u00e9tat, Premi\u00e8re mise en circulation : 10\/2020 19\u202f617 km<\/p>\n","protected":false},"featured_media":9098,"template":"","meta":[],"product_brand":[127],"product_cat":[96],"product_tag":[],"class_list":{"0":"post-9097","1":"product","2":"type-product","3":"status-publish","4":"has-post-thumbnail","6":"product_brand-volkswagen","7":"product_cat-vendu","9":"first","10":"instock","11":"shipping-taxable","12":"purchasable","13":"product-type-simple"},"_links":{"self":[{"href":"https:\/\/nbautoprestige.com\/index.php\/wp-json\/wp\/v2\/product\/9097","targetHints":{"allow":["GET"]}}],"collection":[{"href":"https:\/\/nbautoprestige.com\/index.php\/wp-json\/wp\/v2\/product"}],"about":[{"href":"https:\/\/nbautoprestige.com\/index.php\/wp-json\/wp\/v2\/types\/product"}],"version-history":[{"count":1,"href":"https:\/\/nbautoprestige.com\/index.php\/wp-json\/wp\/v2\/product\/9097\/revisions"}],"predecessor-version":[{"id":9101,"href":"https:\/\/nbautoprestige.com\/index.php\/wp-json\/wp\/v2\/product\/9097\/revisions\/9101"}],"wp:featuredmedia":[{"embeddable":true,"href":"https:\/\/nbautoprestige.com\/index.php\/wp-json\/wp\/v2\/media\/9098"}],"wp:attachment":[{"href":"https:\/\/nbautoprestige.com\/index.php\/wp-json\/wp\/v2\/media?parent=9097"}],"wp:term":[{"taxonomy":"product_brand","embeddable":true,"href":"https:\/\/nbautoprestige.com\/index.php\/wp-json\/wp\/v2\/product_brand?post=9097"},{"taxonomy":"product_cat","embeddable":true,"href":"https:\/\/nbautoprestige.com\/index.php\/wp-json\/wp\/v2\/product_cat?post=9097"},{"taxonomy":"product_tag","embeddable":true,"href":"https:\/\/nbautoprestige.com\/index.php\/wp-json\/wp\/v2\/product_tag?post=9097"}],"curies":[{"name":"wp","href":"https:\/\/api.w.org\/{rel}","templated":true}]}}