{"id":9089,"date":"2025-11-01T01:08:31","date_gmt":"2025-11-01T01:08:31","guid":{"rendered":"https:\/\/nbautoprestige.com\/?post_type=product&#038;p=9089"},"modified":"2025-11-01T01:08:31","modified_gmt":"2025-11-01T01:08:31","slug":"peugeot-boxer-l3h2-165ch","status":"publish","type":"product","link":"https:\/\/nbautoprestige.com\/index.php\/produit\/peugeot-boxer-l3h2-165ch\/","title":{"rendered":"Peugeot boxer L3H2 165Ch"},"content":{"rendered":"<p>Peugeot Boxer l3h2 165ch en excellent \u00e9tat , premi\u00e8re mise en circulation 08\/2022 , premi\u00e8re main<br \/>\nV\u00e9hicule Fran\u00e7ais<br \/>\nEntretien \u00e0 jour<br \/>\nPr\u00eat \u00e0 rouler<\/p>\n","protected":false},"excerpt":{"rendered":"<p>Peugeot Boxer l3h2 165ch en excellent \u00e9tat , premi\u00e8re mise en circulation 08\/2022 , premi\u00e8re main V\u00e9hicule Fran\u00e7ais Entretien \u00e0<\/p>\n","protected":false},"featured_media":9090,"template":"","meta":[],"product_brand":[125],"product_cat":[100],"product_tag":[],"class_list":{"0":"post-9089","1":"product","2":"type-product","3":"status-publish","4":"has-post-thumbnail","6":"product_brand-peugeot","7":"product_cat-reserve","9":"first","10":"instock","11":"shipping-taxable","12":"purchasable","13":"product-type-simple"},"_links":{"self":[{"href":"https:\/\/nbautoprestige.com\/index.php\/wp-json\/wp\/v2\/product\/9089","targetHints":{"allow":["GET"]}}],"collection":[{"href":"https:\/\/nbautoprestige.com\/index.php\/wp-json\/wp\/v2\/product"}],"about":[{"href":"https:\/\/nbautoprestige.com\/index.php\/wp-json\/wp\/v2\/types\/product"}],"version-history":[{"count":1,"href":"https:\/\/nbautoprestige.com\/index.php\/wp-json\/wp\/v2\/product\/9089\/revisions"}],"predecessor-version":[{"id":9096,"href":"https:\/\/nbautoprestige.com\/index.php\/wp-json\/wp\/v2\/product\/9089\/revisions\/9096"}],"wp:featuredmedia":[{"embeddable":true,"href":"https:\/\/nbautoprestige.com\/index.php\/wp-json\/wp\/v2\/media\/9090"}],"wp:attachment":[{"href":"https:\/\/nbautoprestige.com\/index.php\/wp-json\/wp\/v2\/media?parent=9089"}],"wp:term":[{"taxonomy":"product_brand","embeddable":true,"href":"https:\/\/nbautoprestige.com\/index.php\/wp-json\/wp\/v2\/product_brand?post=9089"},{"taxonomy":"product_cat","embeddable":true,"href":"https:\/\/nbautoprestige.com\/index.php\/wp-json\/wp\/v2\/product_cat?post=9089"},{"taxonomy":"product_tag","embeddable":true,"href":"https:\/\/nbautoprestige.com\/index.php\/wp-json\/wp\/v2\/product_tag?post=9089"}],"curies":[{"name":"wp","href":"https:\/\/api.w.org\/{rel}","templated":true}]}}