{"id":9058,"date":"2025-10-30T00:09:03","date_gmt":"2025-10-30T00:09:03","guid":{"rendered":"https:\/\/nbautoprestige.com\/?post_type=product&#038;p=9058"},"modified":"2025-11-07T13:21:24","modified_gmt":"2025-11-07T13:21:24","slug":"mercedes-gle-amg-line-4-matic-350-de-hybrid","status":"publish","type":"product","link":"https:\/\/nbautoprestige.com\/index.php\/produit\/mercedes-gle-amg-line-4-matic-350-de-hybrid\/","title":{"rendered":"MERCEDES GLE AMG Line 4-Matic 350 DE Hybrid"},"content":{"rendered":"<p>MERCEDES GLE AMG Line 4-Matic 350 DE + Hybrid EQ Power 9G-Tronic 167 Attelage \/ Entretien complet mercedes<br \/>\nTo\u00eet ouvrant panoramique \/ Sieges chauffants \/ Pack Attelage \/ Pack Premium plus<br \/>\nEntretien complet mercedes<br \/>\nExcellent \u00e9tat g\u00e9n\u00e9ral<\/p>\n<p>&nbsp;<\/p>\n<p>OPTIONS ET \u00c9QUIPEMENTS :<\/p>\n<p>Audio &#8211; T\u00e9l\u00e9communications :<\/p>\n<ul>\n<li>Int\u00e9gration smartphone ( CARPLAY)<\/li>\n<li>Syst\u00e8me de sonorisation surround Burmester<\/li>\n<\/ul>\n<p>Conduite :<\/p>\n<p>&#8211; Tempomat (R\u00e9gulateur de vitesse)<\/p>\n<p>Couleur :<\/p>\n<p>&#8211; Peinture m\u00e9tallis\u00e9e<\/p>\n<p>Ext\u00e9rieur :<\/p>\n<ul>\n<li>?Park Assist? assistant de parking, incluant radars de stationnement avant et arri\u00e8re<\/li>\n<li>Hayon EASY-PACK avec ouverture et fermeture par commande \u00e9lectrique<\/li>\n<li>Jantes alliage AMG 53,3 cm (21&Prime;) multibranches 1<\/li>\n<li>Projecteurs hautes performances \u00e0 technologie LED<\/li>\n<li>Syst\u00e8me d&rsquo;\u00e9chappement \u00e0 deux sorties chrom\u00e9es<\/li>\n<li>Toit ouvrant panoramique<\/li>\n<\/ul>\n<p>Int\u00e9rieur :<\/p>\n<ul>\n<li>Climatisation automatique THERMATIC \u00e0 2 zones<\/li>\n<li>Eclairage int\u00e9rieur \u00e0 LED<\/li>\n<li>Porte-gobelets \u00e0 l&rsquo;avant et \u00e0 l&rsquo;arri\u00e8re<\/li>\n<li>Prise 12 volts \u00e0 l&rsquo;avant et dans le coffre<\/li>\n<li>Si\u00e8ges avant sport<\/li>\n<li>Si\u00e8ges avant \u00e0 r\u00e9glages \u00e9lectriques<\/li>\n<\/ul>\n<p>S\u00e9curit\u00e9 :<\/p>\n<ul>\n<li>D\u00e9sactivation automatique de l?airbag passager avant<\/li>\n<li>D\u00e9tecteur de panneaux de signalisation<\/li>\n<li>Freinage d&rsquo;urgence assist\u00e9 actif<\/li>\n<\/ul>\n<p>Autres \u00e9quipements et informations :<\/p>\n<ul>\n<li>Attelage \u00e9lectrique d&rsquo;origine avec assistant de man?uvre avec remorque<\/li>\n<li>Chargeur en courant continu (DC), 60 kW<\/li>\n<li>DYNAMIC SELECT avec programmes de conduite additionnels<\/li>\n<li>Jupe arri\u00e8re AMG avec insert noir fa\u00e7on diffuseur et baguette d\u00e9corative chrom\u00e9e<\/li>\n<li>Jupe avant AMG avec insert d\u00e9coratif chrom\u00e9, prises d&rsquo;air au design sportif et expressif dans les habillages de passage de roue<\/li>\n<li>PRE-SAFE : syst\u00e8me de s\u00e9curit\u00e9 pr\u00e9ventive<\/li>\n<li>Pack Chauffage Confort Accoudoirs de la console centrale et des portes avant chauffants<\/li>\n<\/ul>\n<p>Chauffage de si\u00e8ge Plus \u00e0 l&rsquo;avant<\/p>\n<p>Partie centrale des contre-portes avant chauffante<\/p>\n<p>&#8211; Pack Premium Plus Pack KEYLESS-GO<\/p>\n<p>Pack Stationnement avec cam\u00e9ras panoramiques<\/p>\n<p>Syst\u00e8me de sonorisation surround Burmester<\/p>\n<p>Toit ouvrant panoramique<\/p>\n<p>&#8211; Pack d&rsquo;Assistance \u00e0 la conduite Assistant de r\u00e9gulation de distance DISTRONIC actif<\/p>\n<p>Assistant de signalisation routi\u00e8re<\/p>\n<p>Assistant directionnel actif<\/p>\n<p>D\u00e9tecteur d&rsquo;angle mort actif<\/p>\n<p>Direction active pour les manoeuvres d&rsquo;\u00e9vitement<\/p>\n<p>PRE-SAFE PLUS<\/p>\n<p>&#8211; Pack d&rsquo;aide au stationnement Aide au Parking<\/p>\n<p>Active: syst\u00e8me d&rsquo;aide au stationnement avec radars<\/p>\n","protected":false},"excerpt":{"rendered":"<p>MERCEDES GLE AMG Line 4-Matic 350 DE + Hybrid EQ Power 9G-Tronic 167 Attelage \/ Entretien complet mercedes To\u00eet ouvrant<\/p>\n","protected":false},"featured_media":9059,"template":"","meta":[],"product_brand":[128],"product_cat":[97],"product_tag":[],"class_list":{"0":"post-9058","1":"product","2":"type-product","3":"status-publish","4":"has-post-thumbnail","6":"product_brand-mercedes-benz","7":"product_cat-disponible","9":"first","10":"instock","11":"shipping-taxable","12":"purchasable","13":"product-type-simple"},"_links":{"self":[{"href":"https:\/\/nbautoprestige.com\/index.php\/wp-json\/wp\/v2\/product\/9058","targetHints":{"allow":["GET"]}}],"collection":[{"href":"https:\/\/nbautoprestige.com\/index.php\/wp-json\/wp\/v2\/product"}],"about":[{"href":"https:\/\/nbautoprestige.com\/index.php\/wp-json\/wp\/v2\/types\/product"}],"version-history":[{"count":1,"href":"https:\/\/nbautoprestige.com\/index.php\/wp-json\/wp\/v2\/product\/9058\/revisions"}],"predecessor-version":[{"id":9087,"href":"https:\/\/nbautoprestige.com\/index.php\/wp-json\/wp\/v2\/product\/9058\/revisions\/9087"}],"wp:featuredmedia":[{"embeddable":true,"href":"https:\/\/nbautoprestige.com\/index.php\/wp-json\/wp\/v2\/media\/9059"}],"wp:attachment":[{"href":"https:\/\/nbautoprestige.com\/index.php\/wp-json\/wp\/v2\/media?parent=9058"}],"wp:term":[{"taxonomy":"product_brand","embeddable":true,"href":"https:\/\/nbautoprestige.com\/index.php\/wp-json\/wp\/v2\/product_brand?post=9058"},{"taxonomy":"product_cat","embeddable":true,"href":"https:\/\/nbautoprestige.com\/index.php\/wp-json\/wp\/v2\/product_cat?post=9058"},{"taxonomy":"product_tag","embeddable":true,"href":"https:\/\/nbautoprestige.com\/index.php\/wp-json\/wp\/v2\/product_tag?post=9058"}],"curies":[{"name":"wp","href":"https:\/\/api.w.org\/{rel}","templated":true}]}}