{"id":9046,"date":"2025-10-28T23:34:45","date_gmt":"2025-10-28T23:34:45","guid":{"rendered":"https:\/\/nbautoprestige.com\/?post_type=product&#038;p=9046"},"modified":"2025-11-25T10:22:22","modified_gmt":"2025-11-25T10:22:22","slug":"peugeot-208-generation-2-puretech","status":"publish","type":"product","link":"https:\/\/nbautoprestige.com\/index.php\/produit\/peugeot-208-generation-2-puretech\/","title":{"rendered":"Peugeot 208 G\u00e9n\u00e9ration 2- PureTech"},"content":{"rendered":"<p>Peugeot 208 G\u00e9n\u00e9ration 2- PureTech ( version fiabilis\u00e9e) 100 finition Allure<\/p>\n<p>Premi\u00e8re mise en circulation 29\/11\/2022<br \/>\nMotorisation : Essence<br \/>\nKilom\u00e9trage : 38 000 km<br \/>\nBo\u00eete de vitesses : Manuelle 6 rapports<br \/>\nFinition : Allure<\/p>\n<p>Peugeot 208, fiable et \u00e9conomique, id\u00e9ale pour les trajets quotidiens comme pour longues distances. Parfaitement entretenue<\/p>\n<p>Entretien r\u00e9gulier<br \/>\nFaible consommation<\/p>\n","protected":false},"excerpt":{"rendered":"<p>Peugeot 208 G\u00e9n\u00e9ration 2- PureTech ( version fiabilis\u00e9e) 100 finition Allure Premi\u00e8re mise en circulation 29\/11\/2022 Motorisation : Essence Kilom\u00e9trage<\/p>\n","protected":false},"featured_media":9088,"template":"","meta":[],"product_brand":[125],"product_cat":[100],"product_tag":[],"class_list":{"0":"post-9046","1":"product","2":"type-product","3":"status-publish","4":"has-post-thumbnail","6":"product_brand-peugeot","7":"product_cat-reserve","9":"first","10":"instock","11":"shipping-taxable","12":"purchasable","13":"product-type-simple"},"_links":{"self":[{"href":"https:\/\/nbautoprestige.com\/index.php\/wp-json\/wp\/v2\/product\/9046","targetHints":{"allow":["GET"]}}],"collection":[{"href":"https:\/\/nbautoprestige.com\/index.php\/wp-json\/wp\/v2\/product"}],"about":[{"href":"https:\/\/nbautoprestige.com\/index.php\/wp-json\/wp\/v2\/types\/product"}],"version-history":[{"count":1,"href":"https:\/\/nbautoprestige.com\/index.php\/wp-json\/wp\/v2\/product\/9046\/revisions"}],"predecessor-version":[{"id":9057,"href":"https:\/\/nbautoprestige.com\/index.php\/wp-json\/wp\/v2\/product\/9046\/revisions\/9057"}],"wp:featuredmedia":[{"embeddable":true,"href":"https:\/\/nbautoprestige.com\/index.php\/wp-json\/wp\/v2\/media\/9088"}],"wp:attachment":[{"href":"https:\/\/nbautoprestige.com\/index.php\/wp-json\/wp\/v2\/media?parent=9046"}],"wp:term":[{"taxonomy":"product_brand","embeddable":true,"href":"https:\/\/nbautoprestige.com\/index.php\/wp-json\/wp\/v2\/product_brand?post=9046"},{"taxonomy":"product_cat","embeddable":true,"href":"https:\/\/nbautoprestige.com\/index.php\/wp-json\/wp\/v2\/product_cat?post=9046"},{"taxonomy":"product_tag","embeddable":true,"href":"https:\/\/nbautoprestige.com\/index.php\/wp-json\/wp\/v2\/product_tag?post=9046"}],"curies":[{"name":"wp","href":"https:\/\/api.w.org\/{rel}","templated":true}]}}