{"id":9025,"date":"2025-10-28T23:04:42","date_gmt":"2025-10-28T23:04:42","guid":{"rendered":"https:\/\/nbautoprestige.com\/?post_type=product&#038;p=9025"},"modified":"2025-11-05T10:34:21","modified_gmt":"2025-11-05T10:34:21","slug":"volvo-xc60-d4-190-bva-geartronic-r-design","status":"publish","type":"product","link":"https:\/\/nbautoprestige.com\/index.php\/produit\/volvo-xc60-d4-190-bva-geartronic-r-design\/","title":{"rendered":"Volvo XC60 D4-190-BVA Geartronic-R-Design"},"content":{"rendered":"<p>Volvo XC60 D4-190-BVA Geartronic-R-Design , en excellent \u00e9tat g\u00e9n\u00e9ral, premi\u00e8re mise en circulation 12\/2019<\/p>\n<p>Bo\u00eete: automatique<br \/>\nCarburant: Diesel<br \/>\nCylindr\u00e9e: 1969 cm3<br \/>\nPuissance DIN: 190 cv<br \/>\nMise en circulation: 12\/2019<br \/>\nCrit\u2019Air: 2<br \/>\nOrigine: France<\/p>\n","protected":false},"excerpt":{"rendered":"<p>Volvo XC60 D4-190-BVA Geartronic-R-Design , en excellent \u00e9tat g\u00e9n\u00e9ral, premi\u00e8re mise en circulation 12\/2019 Bo\u00eete: automatique Carburant: Diesel Cylindr\u00e9e: 1969<\/p>\n","protected":false},"featured_media":9026,"template":"","meta":[],"product_brand":[122],"product_cat":[100],"product_tag":[],"class_list":{"0":"post-9025","1":"product","2":"type-product","3":"status-publish","4":"has-post-thumbnail","6":"product_brand-volvo","7":"product_cat-reserve","9":"first","10":"instock","11":"shipping-taxable","12":"purchasable","13":"product-type-simple"},"_links":{"self":[{"href":"https:\/\/nbautoprestige.com\/index.php\/wp-json\/wp\/v2\/product\/9025","targetHints":{"allow":["GET"]}}],"collection":[{"href":"https:\/\/nbautoprestige.com\/index.php\/wp-json\/wp\/v2\/product"}],"about":[{"href":"https:\/\/nbautoprestige.com\/index.php\/wp-json\/wp\/v2\/types\/product"}],"version-history":[{"count":1,"href":"https:\/\/nbautoprestige.com\/index.php\/wp-json\/wp\/v2\/product\/9025\/revisions"}],"predecessor-version":[{"id":9045,"href":"https:\/\/nbautoprestige.com\/index.php\/wp-json\/wp\/v2\/product\/9025\/revisions\/9045"}],"wp:featuredmedia":[{"embeddable":true,"href":"https:\/\/nbautoprestige.com\/index.php\/wp-json\/wp\/v2\/media\/9026"}],"wp:attachment":[{"href":"https:\/\/nbautoprestige.com\/index.php\/wp-json\/wp\/v2\/media?parent=9025"}],"wp:term":[{"taxonomy":"product_brand","embeddable":true,"href":"https:\/\/nbautoprestige.com\/index.php\/wp-json\/wp\/v2\/product_brand?post=9025"},{"taxonomy":"product_cat","embeddable":true,"href":"https:\/\/nbautoprestige.com\/index.php\/wp-json\/wp\/v2\/product_cat?post=9025"},{"taxonomy":"product_tag","embeddable":true,"href":"https:\/\/nbautoprestige.com\/index.php\/wp-json\/wp\/v2\/product_tag?post=9025"}],"curies":[{"name":"wp","href":"https:\/\/api.w.org\/{rel}","templated":true}]}}