{"id":9004,"date":"2025-10-28T15:58:03","date_gmt":"2025-10-28T15:58:03","guid":{"rendered":"https:\/\/nbautoprestige.com\/?post_type=product&#038;p=9004"},"modified":"2026-01-08T18:04:17","modified_gmt":"2026-01-08T18:04:17","slug":"volkswagen-t-roc-2-0-tsi-300cv","status":"publish","type":"product","link":"https:\/\/nbautoprestige.com\/index.php\/produit\/volkswagen-t-roc-2-0-tsi-300cv\/","title":{"rendered":"Volkswagen T Roc 2.0 TSI 300cv"},"content":{"rendered":"<p>Volkswagen T Roc 2.0 TSI 300CH R<br \/>\nDSG7 4MOTION.<\/p>\n<p>Transmission : Automatique DSG 7 rapports, 4 roues motrices<\/p>\n<p>Options et \u00e9quipements<br \/>\nTechnologie &amp; Multim\u00e9dia : GPS &#8211; \u00c9cran tactile &#8211; Apple CarPlay &#8211; Android Auto &#8211; Radio DAB &#8211; Bluetooth- Port USB &#8211; Auto-radio commande au volant<br \/>\nConfort &amp; Int\u00e9rieur : Climatisation automatique bi-zone &#8211; Si\u00e8ges avants chauffants &#8211; Si\u00e8ges sport &#8211; Accoudoir central &#8211; Volant multifonction cuir et r\u00e9glable en hauteur &#8211; Support lombaire &#8211; Direction assist\u00e9e &#8211; Fermeture centralis\u00e9e &#8211; Verouillage automatique des portes en roulant<\/p>\n","protected":false},"excerpt":{"rendered":"<p>Volkswagen T Roc 2.0 TSI 300CH R DSG7 4MOTION. Transmission : Automatique DSG 7 rapports, 4 roues motrices Options et<\/p>\n","protected":false},"featured_media":9005,"template":"","meta":[],"product_brand":[127],"product_cat":[100],"product_tag":[],"class_list":{"0":"post-9004","1":"product","2":"type-product","3":"status-publish","4":"has-post-thumbnail","6":"product_brand-volkswagen","7":"product_cat-reserve","9":"first","10":"instock","11":"shipping-taxable","12":"purchasable","13":"product-type-simple"},"_links":{"self":[{"href":"https:\/\/nbautoprestige.com\/index.php\/wp-json\/wp\/v2\/product\/9004","targetHints":{"allow":["GET"]}}],"collection":[{"href":"https:\/\/nbautoprestige.com\/index.php\/wp-json\/wp\/v2\/product"}],"about":[{"href":"https:\/\/nbautoprestige.com\/index.php\/wp-json\/wp\/v2\/types\/product"}],"version-history":[{"count":1,"href":"https:\/\/nbautoprestige.com\/index.php\/wp-json\/wp\/v2\/product\/9004\/revisions"}],"predecessor-version":[{"id":9024,"href":"https:\/\/nbautoprestige.com\/index.php\/wp-json\/wp\/v2\/product\/9004\/revisions\/9024"}],"wp:featuredmedia":[{"embeddable":true,"href":"https:\/\/nbautoprestige.com\/index.php\/wp-json\/wp\/v2\/media\/9005"}],"wp:attachment":[{"href":"https:\/\/nbautoprestige.com\/index.php\/wp-json\/wp\/v2\/media?parent=9004"}],"wp:term":[{"taxonomy":"product_brand","embeddable":true,"href":"https:\/\/nbautoprestige.com\/index.php\/wp-json\/wp\/v2\/product_brand?post=9004"},{"taxonomy":"product_cat","embeddable":true,"href":"https:\/\/nbautoprestige.com\/index.php\/wp-json\/wp\/v2\/product_cat?post=9004"},{"taxonomy":"product_tag","embeddable":true,"href":"https:\/\/nbautoprestige.com\/index.php\/wp-json\/wp\/v2\/product_tag?post=9004"}],"curies":[{"name":"wp","href":"https:\/\/api.w.org\/{rel}","templated":true}]}}