{"id":8978,"date":"2025-10-28T02:13:37","date_gmt":"2025-10-28T02:13:37","guid":{"rendered":"https:\/\/nbautoprestige.com\/?post_type=product&#038;p=8978"},"modified":"2026-01-12T15:18:13","modified_gmt":"2026-01-12T15:18:13","slug":"volkswagen-t6-multivan-150cv","status":"publish","type":"product","link":"https:\/\/nbautoprestige.com\/index.php\/produit\/volkswagen-t6-multivan-150cv\/","title":{"rendered":"Volkswagen T6 Multivan 150cv"},"content":{"rendered":"<p>Volkswagen T6 Multivan carat , bo\u00eete auto , premi\u00e8re mise en circulation : 06\/2018 , origine France. V\u00e9hicule non-fumeurs. En tr\u00e8s bon \u00e9tat, rien \u00e0 faire sur ce produit. Pr\u00eat-\u00e0-rouler<\/p>\n<p>Attelage \/ historique complet .<\/p>\n<p>\u2022 2 portes lat\u00e9rales<br \/>\n\u2022 Aide parking av\/ar<br \/>\n\u2022 Jantes alu<br \/>\n\u2022 Projecteurs x\u00e9non<br \/>\n\u2022 Radar de recul<br \/>\n\u2022 \u2060Cam\u00e9ra de recul<br \/>\n\u2022 R\u00e9troviseurs d\u00e9givrants<br \/>\nInt\u00e9rieur<br \/>\n\u2022 7 places<br \/>\n\u2022 Climatisation automatique multi zone<br \/>\n\u2022 Direction assist\u00e9e<br \/>\n\u2022 Fermeture \u00e9lectrique<br \/>\n\u2022 GPS<br \/>\nConfort<br \/>\n\u2022 Bluetooth<\/p>\n","protected":false},"excerpt":{"rendered":"<p>Volkswagen T6 Multivan carat , bo\u00eete auto , premi\u00e8re mise en circulation : 06\/2018 , origine France. V\u00e9hicule non-fumeurs. En<\/p>\n","protected":false},"featured_media":8991,"template":"","meta":[],"product_brand":[127],"product_cat":[97],"product_tag":[],"class_list":{"0":"post-8978","1":"product","2":"type-product","3":"status-publish","4":"has-post-thumbnail","6":"product_brand-volkswagen","7":"product_cat-disponible","9":"first","10":"instock","11":"shipping-taxable","12":"purchasable","13":"product-type-simple"},"_links":{"self":[{"href":"https:\/\/nbautoprestige.com\/index.php\/wp-json\/wp\/v2\/product\/8978","targetHints":{"allow":["GET"]}}],"collection":[{"href":"https:\/\/nbautoprestige.com\/index.php\/wp-json\/wp\/v2\/product"}],"about":[{"href":"https:\/\/nbautoprestige.com\/index.php\/wp-json\/wp\/v2\/types\/product"}],"version-history":[{"count":1,"href":"https:\/\/nbautoprestige.com\/index.php\/wp-json\/wp\/v2\/product\/8978\/revisions"}],"predecessor-version":[{"id":9003,"href":"https:\/\/nbautoprestige.com\/index.php\/wp-json\/wp\/v2\/product\/8978\/revisions\/9003"}],"wp:featuredmedia":[{"embeddable":true,"href":"https:\/\/nbautoprestige.com\/index.php\/wp-json\/wp\/v2\/media\/8991"}],"wp:attachment":[{"href":"https:\/\/nbautoprestige.com\/index.php\/wp-json\/wp\/v2\/media?parent=8978"}],"wp:term":[{"taxonomy":"product_brand","embeddable":true,"href":"https:\/\/nbautoprestige.com\/index.php\/wp-json\/wp\/v2\/product_brand?post=8978"},{"taxonomy":"product_cat","embeddable":true,"href":"https:\/\/nbautoprestige.com\/index.php\/wp-json\/wp\/v2\/product_cat?post=8978"},{"taxonomy":"product_tag","embeddable":true,"href":"https:\/\/nbautoprestige.com\/index.php\/wp-json\/wp\/v2\/product_tag?post=8978"}],"curies":[{"name":"wp","href":"https:\/\/api.w.org\/{rel}","templated":true}]}}