{"id":8917,"date":"2025-10-26T00:30:06","date_gmt":"2025-10-26T00:30:06","guid":{"rendered":"https:\/\/nbautoprestige.com\/?post_type=product&#038;p=8917"},"modified":"2025-10-26T00:30:06","modified_gmt":"2025-10-26T00:30:06","slug":"porsche-911-3-8l-2-turbo-s","status":"publish","type":"product","link":"https:\/\/nbautoprestige.com\/index.php\/produit\/porsche-911-3-8l-2-turbo-s\/","title":{"rendered":"Porsche 911 3.8L 2 Turbo S"},"content":{"rendered":"<p>PORSCHE 911, 2 TURBO S 3.8L 540CV<br \/>\nla Porsche 911 Turbo repr\u00e9sente le summum de la technologie et du savoir-faire de la marque. La 911 Turbo S est devenue avec le temps une auto plus civilis\u00e9e et raffinn\u00e9e, une v\u00e9ritable GT accomplie proposant un niveau de performances hors du commun dans un confort de grande routi\u00e8re.<br \/>\nLa g\u00e9n\u00e9ration 911, comme \u00e0 chaque fois, r\u00e9ussit le tour de force de s&rsquo;am\u00e9liorer dans tous les domaines au point de devenir une v\u00e9ritable supercar&#8230;<br \/>\nVitesse max: 315 km\/h<br \/>\n0 \u00e0 100 km\/h : 3,2 s<br \/>\nConsommation mixte : 9.7 L\/100 km<\/p>\n<p>PRINCIPALES OPTIONS :<br \/>\nCouleur ext\u00e9rieur : gris argent GT<br \/>\nCouleur int\u00e9rieur : noir<br \/>\nSellerie cuir<br \/>\nPack sport chrono<br \/>\nPack cuit \u00e9tendu<br \/>\nPack luminosit\u00e9<br \/>\nPack sono Bose<br \/>\nJantes 911 Turbo 20&prime; Etriers de frein jaune<br \/>\nSi\u00e8ges \u00e9lectriques \u00e0 m\u00e9moire<br \/>\nSi\u00e8ges chauffants<br \/>\nAssistant angles morts<br \/>\nVolant multifonctions chauffant<br \/>\nVolant sport GT en alcantara<br \/>\nToit ouvrant \u00e9lectrique<br \/>\nAffichage limitation de vitesse<br \/>\nServotroni Plus<br \/>\nPorsche car connect<br \/>\nR\u00e9troviseurs sport design avec base noire<br \/>\nPhares PDLS + avec contour noir<br \/>\nInserts carbone<br \/>\nR\u00e9gulateur et limitateur de vitesse<br \/>\nPDCC<\/p>\n","protected":false},"excerpt":{"rendered":"<p>PORSCHE 911, 2 TURBO S 3.8L 540CV la Porsche 911 Turbo repr\u00e9sente le summum de la technologie et du savoir-faire<\/p>\n","protected":false},"featured_media":8918,"template":"","meta":[],"product_brand":[126],"product_cat":[97],"product_tag":[],"class_list":{"0":"post-8917","1":"product","2":"type-product","3":"status-publish","4":"has-post-thumbnail","6":"product_brand-porsche","7":"product_cat-disponible","9":"first","10":"instock","11":"shipping-taxable","12":"purchasable","13":"product-type-simple"},"_links":{"self":[{"href":"https:\/\/nbautoprestige.com\/index.php\/wp-json\/wp\/v2\/product\/8917","targetHints":{"allow":["GET"]}}],"collection":[{"href":"https:\/\/nbautoprestige.com\/index.php\/wp-json\/wp\/v2\/product"}],"about":[{"href":"https:\/\/nbautoprestige.com\/index.php\/wp-json\/wp\/v2\/types\/product"}],"version-history":[{"count":1,"href":"https:\/\/nbautoprestige.com\/index.php\/wp-json\/wp\/v2\/product\/8917\/revisions"}],"predecessor-version":[{"id":8957,"href":"https:\/\/nbautoprestige.com\/index.php\/wp-json\/wp\/v2\/product\/8917\/revisions\/8957"}],"wp:featuredmedia":[{"embeddable":true,"href":"https:\/\/nbautoprestige.com\/index.php\/wp-json\/wp\/v2\/media\/8918"}],"wp:attachment":[{"href":"https:\/\/nbautoprestige.com\/index.php\/wp-json\/wp\/v2\/media?parent=8917"}],"wp:term":[{"taxonomy":"product_brand","embeddable":true,"href":"https:\/\/nbautoprestige.com\/index.php\/wp-json\/wp\/v2\/product_brand?post=8917"},{"taxonomy":"product_cat","embeddable":true,"href":"https:\/\/nbautoprestige.com\/index.php\/wp-json\/wp\/v2\/product_cat?post=8917"},{"taxonomy":"product_tag","embeddable":true,"href":"https:\/\/nbautoprestige.com\/index.php\/wp-json\/wp\/v2\/product_tag?post=8917"}],"curies":[{"name":"wp","href":"https:\/\/api.w.org\/{rel}","templated":true}]}}