{"id":8907,"date":"2025-10-25T23:10:57","date_gmt":"2025-10-25T23:10:57","guid":{"rendered":"https:\/\/nbautoprestige.com\/?post_type=product&#038;p=8907"},"modified":"2025-12-04T18:28:43","modified_gmt":"2025-12-04T18:28:43","slug":"porsche-cayenne-3-0-v6","status":"publish","type":"product","link":"https:\/\/nbautoprestige.com\/index.php\/produit\/porsche-cayenne-3-0-v6\/","title":{"rendered":"Porsche Cayenne 3.0 V6"},"content":{"rendered":"<p>PORSCHE CAYENNE 340ch Premi\u00e8re mise en circulation 11\/2019 en tr\u00e8s bon \u00e9tat g\u00e9n\u00e9ral pas<\/p>\n<p>V\u00e9hicule Fran\u00e7ais,<br \/>\nEntretien exclusif PORSCHE<\/p>\n<p>Options :<br \/>\n&#8211; toit ouvrant panoramique<br \/>\n&#8211; Suspension pilot\u00e9es PASM<br \/>\n&#8211; Jantes 21 pouces Cayenne Turbo Design avec elargisseur d\u2019ailes<br \/>\n&#8211; Assistance angles morts<br \/>\n&#8211; Assistance parking avant et arri\u00e8re avec cam\u00e9ra de recul et vue 360*<br \/>\n&#8211; Son BOSE surround Sound System<br \/>\n&#8211; Bo\u00eete de vitesse TRIPTONIC S (8 rapports)<br \/>\n&#8211; Bouclier avant SportDesign<br \/>\n&#8211; Eclairage d\u2019ambiance<br \/>\n&#8211; Ionisateur<br \/>\n&#8211; Module boussole avec Porsche avec Application Porsche OFFROAD Precision<br \/>\n&#8211; Pack ext\u00e9rieur en noir (finition brillante)<br \/>\n&#8211; Phares matriciels \u00e0 LED avec Porsche Dynamic Light System Plus (PDLS+)<br \/>\n&#8211; R\u00e9servoir 90 litres<br \/>\n&#8211; R\u00e9troviseurs ext\u00e9rieurs et int\u00e9rieur avec fonction anti-\u00e9blouissement Automatique<br \/>\n&#8211; Servotronic Plus<br \/>\n&#8211; Si\u00e8ges chauffants \u00e0 l\u2019avant<br \/>\n&#8211; Sorties d\u2019\u00e9chappement sport en noir<br \/>\n&#8211; tapis de sol Porsche<br \/>\n&#8211; Vitrage arri\u00e8re fum\u00e9<br \/>\n&#8211; Coffre \u00e9lectrique avec fermeture et ouverture \u00e0 distance<\/p>\n","protected":false},"excerpt":{"rendered":"<p>PORSCHE CAYENNE 340ch Premi\u00e8re mise en circulation 11\/2019 en tr\u00e8s bon \u00e9tat g\u00e9n\u00e9ral pas V\u00e9hicule Fran\u00e7ais, Entretien exclusif PORSCHE Options<\/p>\n","protected":false},"featured_media":8908,"template":"","meta":[],"product_brand":[126],"product_cat":[97],"product_tag":[],"class_list":{"0":"post-8907","1":"product","2":"type-product","3":"status-publish","4":"has-post-thumbnail","6":"product_brand-porsche","7":"product_cat-disponible","9":"first","10":"instock","11":"shipping-taxable","12":"purchasable","13":"product-type-simple"},"_links":{"self":[{"href":"https:\/\/nbautoprestige.com\/index.php\/wp-json\/wp\/v2\/product\/8907","targetHints":{"allow":["GET"]}}],"collection":[{"href":"https:\/\/nbautoprestige.com\/index.php\/wp-json\/wp\/v2\/product"}],"about":[{"href":"https:\/\/nbautoprestige.com\/index.php\/wp-json\/wp\/v2\/types\/product"}],"version-history":[{"count":1,"href":"https:\/\/nbautoprestige.com\/index.php\/wp-json\/wp\/v2\/product\/8907\/revisions"}],"predecessor-version":[{"id":8916,"href":"https:\/\/nbautoprestige.com\/index.php\/wp-json\/wp\/v2\/product\/8907\/revisions\/8916"}],"wp:featuredmedia":[{"embeddable":true,"href":"https:\/\/nbautoprestige.com\/index.php\/wp-json\/wp\/v2\/media\/8908"}],"wp:attachment":[{"href":"https:\/\/nbautoprestige.com\/index.php\/wp-json\/wp\/v2\/media?parent=8907"}],"wp:term":[{"taxonomy":"product_brand","embeddable":true,"href":"https:\/\/nbautoprestige.com\/index.php\/wp-json\/wp\/v2\/product_brand?post=8907"},{"taxonomy":"product_cat","embeddable":true,"href":"https:\/\/nbautoprestige.com\/index.php\/wp-json\/wp\/v2\/product_cat?post=8907"},{"taxonomy":"product_tag","embeddable":true,"href":"https:\/\/nbautoprestige.com\/index.php\/wp-json\/wp\/v2\/product_tag?post=8907"}],"curies":[{"name":"wp","href":"https:\/\/api.w.org\/{rel}","templated":true}]}}