{"id":8898,"date":"2025-10-25T20:27:46","date_gmt":"2025-10-25T20:27:46","guid":{"rendered":"https:\/\/nbautoprestige.com\/?post_type=product&#038;p=8898"},"modified":"2025-10-25T20:27:46","modified_gmt":"2025-10-25T20:27:46","slug":"peugeot-expert","status":"publish","type":"product","link":"https:\/\/nbautoprestige.com\/index.php\/produit\/peugeot-expert\/","title":{"rendered":"Peugeot Expert"},"content":{"rendered":"<p>Peugeot Expert<\/p>\n<p>V\u00e9hicule en excellent \u00e9tat g\u00e9n\u00e9ral<\/p>\n","protected":false},"excerpt":{"rendered":"<p>Peugeot Expert V\u00e9hicule en excellent \u00e9tat g\u00e9n\u00e9ral<\/p>\n","protected":false},"featured_media":8899,"template":"","meta":[],"product_brand":[125],"product_cat":[96],"product_tag":[],"class_list":{"0":"post-8898","1":"product","2":"type-product","3":"status-publish","4":"has-post-thumbnail","6":"product_brand-peugeot","7":"product_cat-vendu","9":"first","10":"instock","11":"shipping-taxable","12":"purchasable","13":"product-type-simple"},"_links":{"self":[{"href":"https:\/\/nbautoprestige.com\/index.php\/wp-json\/wp\/v2\/product\/8898","targetHints":{"allow":["GET"]}}],"collection":[{"href":"https:\/\/nbautoprestige.com\/index.php\/wp-json\/wp\/v2\/product"}],"about":[{"href":"https:\/\/nbautoprestige.com\/index.php\/wp-json\/wp\/v2\/types\/product"}],"version-history":[{"count":1,"href":"https:\/\/nbautoprestige.com\/index.php\/wp-json\/wp\/v2\/product\/8898\/revisions"}],"predecessor-version":[{"id":8904,"href":"https:\/\/nbautoprestige.com\/index.php\/wp-json\/wp\/v2\/product\/8898\/revisions\/8904"}],"wp:featuredmedia":[{"embeddable":true,"href":"https:\/\/nbautoprestige.com\/index.php\/wp-json\/wp\/v2\/media\/8899"}],"wp:attachment":[{"href":"https:\/\/nbautoprestige.com\/index.php\/wp-json\/wp\/v2\/media?parent=8898"}],"wp:term":[{"taxonomy":"product_brand","embeddable":true,"href":"https:\/\/nbautoprestige.com\/index.php\/wp-json\/wp\/v2\/product_brand?post=8898"},{"taxonomy":"product_cat","embeddable":true,"href":"https:\/\/nbautoprestige.com\/index.php\/wp-json\/wp\/v2\/product_cat?post=8898"},{"taxonomy":"product_tag","embeddable":true,"href":"https:\/\/nbautoprestige.com\/index.php\/wp-json\/wp\/v2\/product_tag?post=8898"}],"curies":[{"name":"wp","href":"https:\/\/api.w.org\/{rel}","templated":true}]}}