{"id":8887,"date":"2025-10-25T19:36:02","date_gmt":"2025-10-25T19:36:02","guid":{"rendered":"https:\/\/nbautoprestige.com\/?post_type=product&#038;p=8887"},"modified":"2026-02-11T17:50:11","modified_gmt":"2026-02-11T17:50:11","slug":"toyota-hilux-2-4l-double-cabine","status":"publish","type":"product","link":"https:\/\/nbautoprestige.com\/index.php\/produit\/toyota-hilux-2-4l-double-cabine\/","title":{"rendered":"Toyota hilux 2.4l Double cabine"},"content":{"rendered":"<p>Toyota hilux 2.4l d-4d 4&#215;4 double cabine boite automatique de 2019. Le v\u00e9hicule est en tr\u00e8s bon \u00e9tat int\u00e9rieur \/ ext\u00e9rieur, 5 places<\/p>\n<p>OPTIONS ET \u00c9QUIPEMENTS :<\/p>\n<p>&#8211; Syst\u00e8me Toyota Touch 2<br \/>\n&#8211; Aide au d\u00e9marrage en c\u00f4te (HAC)<br \/>\n&#8211; Allumage automatique des phares<br \/>\n&#8211; Blocage de differentiel AR<br \/>\n&#8211; R\u00e9gulateur de vitesse<br \/>\n&#8211; Syst\u00e8me d&rsquo;assistance \u00e0 la descente (DAC)<br \/>\n&#8211; Feux de jour \u00e0 LED<br \/>\n&#8211; Jantes en alliage 18 Vulcain biton<br \/>\n&#8211; Phares Bi-LED<br \/>\n&#8211; Vitres lat\u00e9rales arri\u00e8re et lunette surteint\u00e9es<br \/>\n&#8211; Banquette arri\u00e8re 3 places<br \/>\n&#8211; Banquette arri\u00e8re 60\/40<br \/>\n&#8211; Climatisation automatique<br \/>\n&#8211; Fixations Isofix aux places lat\u00e9rales arri\u00e8re<br \/>\n&#8211; Prise 220 V dans l&rsquo;accoudoir central avant<br \/>\n&#8211; Si\u00e8ge conducteur \u00e0 r\u00e9glage \u00e9lectrique<br \/>\n&#8211; Si\u00e8ges avant chauffants<br \/>\n&#8211; Vitres arri\u00e8re \u00e9lectriques<br \/>\n&#8211; Vitres avant \u00e9lectriques<br \/>\n&#8211; Volant cuir<br \/>\n&#8211; Volant multifonction<br \/>\n&#8211; Fermeture centralis\u00e9e des portes<br \/>\n&#8211; Marchepieds noir<br \/>\n&#8211; R\u00e9troviseurs ext\u00e9rieurs \u00e9lectriques et d\u00e9givrants<br \/>\n&#8211; Syst\u00e8me de freinage antiblocage (ABS)<br \/>\n&#8211; Sellerie cuir<br \/>\n&#8211; Projecteurs antibrouillard avant<br \/>\n&#8211; Roue de secours<br \/>\n&#8211; Rideau de benne et Roll bar<br \/>\n&#8211; Cam\u00e9ra de recul<br \/>\n&#8211; Double des cl\u00e9s<br \/>\n&#8211; Etc &#8230;<\/p>\n","protected":false},"excerpt":{"rendered":"<p>Toyota hilux 2.4l d-4d 4&#215;4 double cabine boite automatique de 2019. Le v\u00e9hicule est en tr\u00e8s bon \u00e9tat int\u00e9rieur \/<\/p>\n","protected":false},"featured_media":8888,"template":"","meta":[],"product_brand":[124],"product_cat":[97],"product_tag":[],"class_list":{"0":"post-8887","1":"product","2":"type-product","3":"status-publish","4":"has-post-thumbnail","6":"product_brand-toyota","7":"product_cat-disponible","9":"first","10":"instock","11":"shipping-taxable","12":"purchasable","13":"product-type-simple"},"_links":{"self":[{"href":"https:\/\/nbautoprestige.com\/index.php\/wp-json\/wp\/v2\/product\/8887","targetHints":{"allow":["GET"]}}],"collection":[{"href":"https:\/\/nbautoprestige.com\/index.php\/wp-json\/wp\/v2\/product"}],"about":[{"href":"https:\/\/nbautoprestige.com\/index.php\/wp-json\/wp\/v2\/types\/product"}],"version-history":[{"count":1,"href":"https:\/\/nbautoprestige.com\/index.php\/wp-json\/wp\/v2\/product\/8887\/revisions"}],"predecessor-version":[{"id":8897,"href":"https:\/\/nbautoprestige.com\/index.php\/wp-json\/wp\/v2\/product\/8887\/revisions\/8897"}],"wp:featuredmedia":[{"embeddable":true,"href":"https:\/\/nbautoprestige.com\/index.php\/wp-json\/wp\/v2\/media\/8888"}],"wp:attachment":[{"href":"https:\/\/nbautoprestige.com\/index.php\/wp-json\/wp\/v2\/media?parent=8887"}],"wp:term":[{"taxonomy":"product_brand","embeddable":true,"href":"https:\/\/nbautoprestige.com\/index.php\/wp-json\/wp\/v2\/product_brand?post=8887"},{"taxonomy":"product_cat","embeddable":true,"href":"https:\/\/nbautoprestige.com\/index.php\/wp-json\/wp\/v2\/product_cat?post=8887"},{"taxonomy":"product_tag","embeddable":true,"href":"https:\/\/nbautoprestige.com\/index.php\/wp-json\/wp\/v2\/product_tag?post=8887"}],"curies":[{"name":"wp","href":"https:\/\/api.w.org\/{rel}","templated":true}]}}