{"id":9128,"date":"2025-11-03T15:18:34","date_gmt":"2025-11-03T15:18:34","guid":{"rendered":"https:\/\/nbautoprestige.com\/?page_id=9128"},"modified":"2025-11-03T15:22:35","modified_gmt":"2025-11-03T15:22:35","slug":"cookies","status":"publish","type":"page","link":"https:\/\/nbautoprestige.com\/index.php\/cookies\/","title":{"rendered":"Cookies"},"content":{"rendered":"\t\t<div data-elementor-type=\"wp-page\" data-elementor-id=\"9128\" class=\"elementor elementor-9128\">\n\t\t\t\t<div class=\"elementor-element elementor-element-9082650 e-flex e-con-boxed e-con e-parent\" data-id=\"9082650\" data-element_type=\"container\">\n\t\t\t\t\t<div class=\"e-con-inner\">\n\t\t\t\t<div class=\"elementor-element elementor-element-4cf85ac elementor-widget elementor-widget-wd_text_block\" data-id=\"4cf85ac\" data-element_type=\"widget\" data-widget_type=\"wd_text_block.default\">\n\t\t\t\t<div class=\"elementor-widget-container\">\n\t\t\t\t\t\t\t<div class=\"wd-text-block reset-last-child text-left\">\n\t\t\t\n\t\t\t<div class=\"neo-morph p-6 md:p-8 mb-8\"><h2 class=\"text-xl font-medium mb-4\">1. Introduction<\/h2><p class=\"text-muted-foreground mb-4\">Bienvenue sur la politique de cookies <strong>NB AUTO PRESTIGE<\/strong>. Cette politique explique comment nous utilisons les cookies et technologies similaires sur notre site web pour am\u00e9liorer votre exp\u00e9rience utilisateur.<\/p><p class=\"text-muted-foreground mb-4\">En utilisant notre site web, vous consentez \u00e0 l'utilisation des cookies conform\u00e9ment \u00e0 cette politique. Si vous n'acceptez pas l'utilisation de ces cookies, vous devriez param\u00e9trer votre navigateur en cons\u00e9quence ou ne pas utiliser notre site web.<\/p><\/div><div class=\"neo-morph p-6 md:p-8 mb-8\"><h2 class=\"text-xl font-medium mb-4\">2. Qu'est-ce qu'un cookie?<\/h2><p class=\"text-muted-foreground mb-4\">Un cookie est un petit fichier texte qu'un site web sauvegarde sur votre ordinateur ou appareil mobile lorsque vous visitez le site. Il permet au site web de m\u00e9moriser vos actions et pr\u00e9f\u00e9rences (comme la connexion, la langue, la taille de la police et d'autres pr\u00e9f\u00e9rences d'affichage) pendant un certain temps, pour que vous n'ayez pas \u00e0 les r\u00e9introduire \u00e0 chaque fois que vous revenez sur le site ou naviguez d'une page \u00e0 une autre.<\/p><\/div><div class=\"neo-morph p-6 md:p-8 mb-8\"><h2 class=\"text-xl font-medium mb-4\">3. Comment nous utilisons les cookies<\/h2><p class=\"text-muted-foreground mb-4\">Nous utilisons diff\u00e9rents types de cookies pour diverses raisons:<\/p><ul class=\"list-disc pl-6 text-muted-foreground space-y-2 mb-4\"><li><strong>Cookies essentiels:<\/strong> Ces cookies sont n\u00e9cessaires au fonctionnement du site et ne peuvent pas \u00eatre d\u00e9sactiv\u00e9s dans nos syst\u00e8mes. Ils sont g\u00e9n\u00e9ralement \u00e9tablis en r\u00e9ponse \u00e0 des actions que vous effectuez et qui constituent une demande de services, telles que la d\u00e9finition de vos pr\u00e9f\u00e9rences de confidentialit\u00e9, la connexion ou le remplissage de formulaires.<\/li><li><strong>Cookies de performance:<\/strong> Ces cookies nous permettent de compter les visites et les sources de trafic afin que nous puissions mesurer et am\u00e9liorer les performances de notre site. Ils nous aident \u00e0 savoir quelles pages sont les plus ou les moins populaires et \u00e0 voir comment les visiteurs se d\u00e9placent sur le site.<\/li><li><strong>Cookies de fonctionnalit\u00e9:<\/strong> Ces cookies permettent au site de fournir une fonctionnalit\u00e9 et une personnalisation am\u00e9lior\u00e9es. Ils peuvent \u00eatre d\u00e9finis par nous ou par des fournisseurs tiers dont nous avons ajout\u00e9 les services \u00e0 nos pages.<\/li><li><strong>Cookies de ciblage:<\/strong> Ces cookies peuvent \u00eatre d\u00e9finis par nos partenaires publicitaires via notre site. Ils peuvent \u00eatre utilis\u00e9s par ces entreprises pour \u00e9tablir un profil de vos int\u00e9r\u00eats et vous montrer des publicit\u00e9s pertinentes sur d'autres sites.<\/li><\/ul><\/div><div class=\"neo-morph p-6 md:p-8 mb-8\"><h2 class=\"text-xl font-medium mb-4\">4. Cookies tiers<\/h2><p class=\"text-muted-foreground mb-4\">Nous utilisons \u00e9galement des cookies de tiers pour certaines fonctionnalit\u00e9s de notre site web et pour am\u00e9liorer votre exp\u00e9rience en ligne. Ces cookies peuvent provenir de:<\/p><ul class=\"list-disc pl-6 text-muted-foreground space-y-2 mb-4\"><li>Services d'analyse (comme Google Analytics) pour comprendre comment vous utilisez notre site<\/li><li>Plateformes de m\u00e9dias sociaux (comme Facebook et Twitter) si vous utilisez leurs fonctionnalit\u00e9s via notre site<\/li><li>Services publicitaires pour vous montrer des annonces pertinentes bas\u00e9es sur vos int\u00e9r\u00eats<\/li><\/ul><\/div><div class=\"neo-morph p-6 md:p-8 mb-8\"><h2 class=\"text-xl font-medium mb-4\">5. Gestion des cookies<\/h2><p class=\"text-muted-foreground mb-4\">La plupart des navigateurs web permettent un certain contr\u00f4le de la plupart des cookies via les param\u00e8tres du navigateur. Vous pouvez g\u00e9n\u00e9ralement:<\/p><ul class=\"list-disc pl-6 text-muted-foreground space-y-2 mb-4\"><li>Voir quels cookies vous avez et les supprimer individuellement<\/li><li>Bloquer les cookies tiers<\/li><li>Bloquer les cookies de sites particuliers<\/li><li>Bloquer tous les cookies<\/li><li>Supprimer tous les cookies lorsque vous fermez votre navigateur<\/li><\/ul><p class=\"text-muted-foreground mt-4\">Veuillez noter que si vous choisissez de bloquer ou de supprimer les cookies, certaines fonctionnalit\u00e9s de notre site peuvent ne pas fonctionner correctement.<\/p><\/div><div class=\"neo-morph p-6 md:p-8 mb-8\"><h2 class=\"text-xl font-medium mb-4\">6. Dur\u00e9e de conservation des cookies<\/h2><p class=\"text-muted-foreground mb-4\">Les cookies que nous utilisons ont des dur\u00e9es de vie diff\u00e9rentes:<\/p><ul class=\"list-disc pl-6 text-muted-foreground space-y-2 mb-4\"><li><strong>Cookies de session:<\/strong> Ces cookies temporaires expirent lorsque vous fermez votre navigateur<\/li><li><strong>Cookies persistants:<\/strong> Ces cookies restent sur votre appareil jusqu'\u00e0 ce qu'ils expirent ou que vous les supprimiez<\/li><\/ul><p class=\"text-muted-foreground mt-4\">La dur\u00e9e exacte pendant laquelle un cookie persistant restera sur votre appareil varie selon le cookie.<\/p><\/div><div class=\"neo-morph p-6 md:p-8 mb-8\"><h2 class=\"text-xl font-medium mb-4\">7. Modification de notre politique de cookies<\/h2><p class=\"text-muted-foreground mb-4\">Nous nous r\u00e9servons le droit de modifier cette politique de cookies \u00e0 tout moment. Tout changement sera publi\u00e9 sur cette page et, si les changements sont significatifs, nous vous fournirons une notification plus visible.<\/p><\/div><div class=\"neo-morph p-6 md:p-8 mb-8\"><h2 class=\"text-xl font-medium mb-4\">8. Nous contacter<\/h2><p class=\"text-muted-foreground mb-4\">Si vous avez des questions concernant notre utilisation des cookies, veuillez nous contacter \u00e0<strong> contact@nbautoprestige.com<\/strong>.<\/p><\/div>\n\t\t\t\t\t<\/div>\n\t\t\t\t\t\t<\/div>\n\t\t\t\t<\/div>\n\t\t\t\t\t<\/div>\n\t\t\t\t<\/div>\n\t\t\t\t<\/div>\n\t\t","protected":false},"excerpt":{"rendered":"<p>1. Introduction Bienvenue sur la politique de cookies NB AUTO PRESTIGE. Cette politique explique comment nous utilisons les cookies et<\/p>\n","protected":false},"author":2,"featured_media":0,"parent":0,"menu_order":0,"comment_status":"closed","ping_status":"closed","template":"","meta":{"footnotes":""},"class_list":["post-9128","page","type-page","status-publish","hentry"],"_links":{"self":[{"href":"https:\/\/nbautoprestige.com\/index.php\/wp-json\/wp\/v2\/pages\/9128","targetHints":{"allow":["GET"]}}],"collection":[{"href":"https:\/\/nbautoprestige.com\/index.php\/wp-json\/wp\/v2\/pages"}],"about":[{"href":"https:\/\/nbautoprestige.com\/index.php\/wp-json\/wp\/v2\/types\/page"}],"author":[{"embeddable":true,"href":"https:\/\/nbautoprestige.com\/index.php\/wp-json\/wp\/v2\/users\/2"}],"replies":[{"embeddable":true,"href":"https:\/\/nbautoprestige.com\/index.php\/wp-json\/wp\/v2\/comments?post=9128"}],"version-history":[{"count":10,"href":"https:\/\/nbautoprestige.com\/index.php\/wp-json\/wp\/v2\/pages\/9128\/revisions"}],"predecessor-version":[{"id":9140,"href":"https:\/\/nbautoprestige.com\/index.php\/wp-json\/wp\/v2\/pages\/9128\/revisions\/9140"}],"wp:attachment":[{"href":"https:\/\/nbautoprestige.com\/index.php\/wp-json\/wp\/v2\/media?parent=9128"}],"curies":[{"name":"wp","href":"https:\/\/api.w.org\/{rel}","templated":true}]}}