{"id":8630,"date":"2025-10-21T15:56:35","date_gmt":"2025-10-21T15:56:35","guid":{"rendered":"https:\/\/nbautoprestige.com\/?page_id=8630"},"modified":"2025-11-03T15:31:20","modified_gmt":"2025-11-03T15:31:20","slug":"retour-remboursement","status":"publish","type":"page","link":"https:\/\/nbautoprestige.com\/index.php\/retour-remboursement\/","title":{"rendered":"Protection des donn\u00e9es"},"content":{"rendered":"\t\t<div data-elementor-type=\"wp-page\" data-elementor-id=\"8630\" class=\"elementor elementor-8630\">\n\t\t\t\t<div class=\"elementor-element elementor-element-3355d3f e-flex e-con-boxed e-con e-parent\" data-id=\"3355d3f\" data-element_type=\"container\">\n\t\t\t\t\t<div class=\"e-con-inner\">\n\t\t\t\t<div class=\"elementor-element elementor-element-5107a1d elementor-widget elementor-widget-wd_text_block\" data-id=\"5107a1d\" data-element_type=\"widget\" data-widget_type=\"wd_text_block.default\">\n\t\t\t\t<div class=\"elementor-widget-container\">\n\t\t\t\t\t\t\t<div class=\"wd-text-block reset-last-child text-left\">\n\t\t\t\n\t\t\t<div class=\"wd-text-block reset-last-child text-left\"><div class=\"neo-morph p-6 md:p-8 mb-8\"><h2 class=\"text-xl font-medium mb-4\">1. Principes de protection des donn\u00e9es<\/h2><p class=\"text-muted-foreground mb-4\"><strong>NB AUTO PRESTIGE<\/strong> s'engage \u00e0 traiter les donn\u00e9es conform\u00e9ment \u00e0 ses responsabilit\u00e9s en vertu des lois et r\u00e9glementations applicables en mati\u00e8re de protection des donn\u00e9es. Ces principes exigent que les donn\u00e9es personnelles soient :<\/p><ul class=\"list-disc pl-6 text-muted-foreground space-y-2 mb-4\"><li>Trait\u00e9es de mani\u00e8re licite, \u00e9quitable et transparente<\/li><li>Collect\u00e9es \u00e0 des fins d\u00e9termin\u00e9es, explicites et l\u00e9gitimes<\/li><li>Ad\u00e9quates, pertinentes et limit\u00e9es \u00e0 ce qui est n\u00e9cessaire<\/li><li>Exactes et, si n\u00e9cessaire, tenues \u00e0 jour<\/li><li>Conserv\u00e9es uniquement pendant la dur\u00e9e n\u00e9cessaire<\/li><li>Trait\u00e9es d'une mani\u00e8re qui garantit une s\u00e9curit\u00e9 appropri\u00e9e<\/li><\/ul><\/div><div class=\"neo-morph p-6 md:p-8 mb-8\"><h2 class=\"text-xl font-medium mb-4\">2. Base juridique du traitement<\/h2><p class=\"text-muted-foreground mb-4\">Nous traitons vos donn\u00e9es personnelles sur les bases juridiques suivantes :<\/p><ul class=\"list-disc pl-6 text-muted-foreground space-y-2 mb-4\"><li><strong>Consentement :<\/strong> Lorsque vous avez explicitement accept\u00e9 notre traitement de vos donn\u00e9es personnelles \u00e0 une ou plusieurs fins sp\u00e9cifiques<\/li><li><strong>Contrat :<\/strong> Lorsque le traitement est n\u00e9cessaire \u00e0 l'ex\u00e9cution d'un contrat avec vous ou pour prendre des mesures \u00e0 votre demande avant de conclure un contrat<\/li><li><strong>Obligation L\u00e9gale :<\/strong> Lorsque le traitement est n\u00e9cessaire pour respecter nos obligations l\u00e9gales<\/li><li><strong>Int\u00e9r\u00eats L\u00e9gitimes :<\/strong> Lorsque le traitement est n\u00e9cessaire \u00e0 nos int\u00e9r\u00eats l\u00e9gitimes ou \u00e0 ceux d'un tiers, sauf si ces int\u00e9r\u00eats sont supplant\u00e9s par vos int\u00e9r\u00eats ou vos droits et libert\u00e9s fondamentaux<\/li><\/ul><\/div><div class=\"neo-morph p-6 md:p-8 mb-8\"><h2 class=\"text-xl font-medium mb-4\">3. Vos droits en mati\u00e8re de protection des donn\u00e9es<\/h2><p class=\"text-muted-foreground mb-4\">Selon votre emplacement et la loi applicable, vous pouvez disposer des droits suivants concernant vos donn\u00e9es personnelles :<\/p><ul class=\"list-disc pl-6 text-muted-foreground space-y-2 mb-4\"><li><strong>Droit d'Acc\u00e8s :<\/strong> Vous avez le droit de demander des copies de vos donn\u00e9es personnelles<\/li><li><strong>Droit de Rectification :<\/strong> Vous avez le droit de demander que nous corrigions toute information inexacte ou que nous compl\u00e9tions toute information incompl\u00e8te<\/li><li><strong>Droit \u00e0 l'Effacement :<\/strong> Vous avez le droit de demander que nous supprimions vos donn\u00e9es personnelles dans certaines circonstances<\/li><li><strong>Droit \u00e0 la Limitation du Traitement :<\/strong> Vous avez le droit de demander que nous limitions le traitement de vos donn\u00e9es personnelles dans certaines circonstances<\/li><li><strong>Droit \u00e0 la Portabilit\u00e9 des Donn\u00e9es :<\/strong> Vous avez le droit de demander que nous transf\u00e9rions vos donn\u00e9es personnelles \u00e0 une autre organisation ou directement \u00e0 vous<\/li><li><strong>Droit d'Opposition :<\/strong> Vous avez le droit de vous opposer \u00e0 notre traitement de vos donn\u00e9es personnelles dans certaines circonstances<\/li><\/ul><p class=\"text-muted-foreground mt-4\">Pour exercer l'un de ces droits, veuillez nous contacter \u00e0 m. Nous pouvons avoir besoin de demander des informations sp\u00e9cifiques pour nous aider \u00e0 confirmer votre identit\u00e9 et garantir votre droit d'acc\u00e9der \u00e0 vos donn\u00e9es personnelles.<\/p><\/div><div class=\"neo-morph p-6 md:p-8 mb-8\"><h2 class=\"text-xl font-medium mb-4\">4. Transferts internationaux de donn\u00e9es<\/h2><p class=\"text-muted-foreground mb-4\">Nous pouvons transf\u00e9rer vos donn\u00e9es personnelles vers des pays situ\u00e9s en dehors de votre pays de r\u00e9sidence, qui peuvent avoir des lois diff\u00e9rentes en mati\u00e8re de protection des donn\u00e9es. Lorsque nous transf\u00e9rons des donn\u00e9es personnelles \u00e0 l'international, nous prenons des mesures appropri\u00e9es pour garantir que vos donn\u00e9es personnelles restent prot\u00e9g\u00e9es.<\/p><p class=\"text-muted-foreground mb-4\">Ces mesures peuvent inclure :<\/p><ul class=\"list-disc pl-6 text-muted-foreground space-y-2 mb-4\"><li>Des clauses contractuelles types approuv\u00e9es par les autorit\u00e9s de protection des donn\u00e9es comp\u00e9tentes<\/li><li>Des r\u00e8gles d'entreprise contraignantes pour les transferts au sein de notre groupe d'entreprises<\/li><li>L'adh\u00e9sion \u00e0 des m\u00e9canismes de certification reconnus ou \u00e0 des codes de conduite<\/li><\/ul><\/div><div class=\"neo-morph p-6 md:p-8 mb-8\"><h2 class=\"text-xl font-medium mb-4\">5. Conservation des donn\u00e9es<\/h2><p class=\"text-muted-foreground mb-4\">Nous conservons vos donn\u00e9es personnelles uniquement pendant la dur\u00e9e n\u00e9cessaire pour atteindre les finalit\u00e9s pour lesquelles elles ont \u00e9t\u00e9 collect\u00e9es, y compris pour satisfaire aux obligations l\u00e9gales, comptables ou de reporting. Pour d\u00e9terminer la p\u00e9riode de conservation appropri\u00e9e, nous prenons en compte la quantit\u00e9, la nature et la sensibilit\u00e9 des donn\u00e9es personnelles, le risque potentiel de pr\u00e9judice r\u00e9sultant d'une utilisation ou d'une divulgation non autoris\u00e9e, et les exigences l\u00e9gales applicables.<\/p><\/div><div class=\"neo-morph p-6 md:p-8 mb-8\"><h2 class=\"text-xl font-medium mb-4\">6. S\u00e9curit\u00e9 des donn\u00e9es<\/h2><p class=\"text-muted-foreground mb-4\">Nous mettons en \u0153uvre des mesures techniques et organisationnelles appropri\u00e9es pour assurer un niveau de s\u00e9curit\u00e9 adapt\u00e9 au risque, notamment :<\/p><ul class=\"list-disc pl-6 text-muted-foreground space-y-2 mb-4\"><li>Le chiffrement des donn\u00e9es personnelles lorsque cela est appropri\u00e9<\/li><li>Des tests et \u00e9valuations r\u00e9guliers des mesures de s\u00e9curit\u00e9<\/li><li>Des contr\u00f4les d'acc\u00e8s et des mesures d'authentification<\/li><li>La formation du personnel \u00e0 la protection des donn\u00e9es et \u00e0 la s\u00e9curit\u00e9<\/li><li>Des proc\u00e9dures de r\u00e9ponse aux incidents<\/li><\/ul><\/div><div class=\"neo-morph p-6 md:p-8 mb-8\"><h2 class=\"text-xl font-medium mb-4\">7. Notification de violation de donn\u00e9es<\/h2><p class=\"text-muted-foreground mb-4\">En cas de violation de donn\u00e9es personnelles, nous informerons l'autorit\u00e9 de contr\u00f4le comp\u00e9tente sans retard injustifi\u00e9 et, si possible, au plus tard 72 heures apr\u00e8s en avoir pris connaissance, \u00e0 moins que la violation ne soit pas susceptible d'engendrer un risque pour vos droits et libert\u00e9s.<\/p><p class=\"text-muted-foreground mb-4\">Si la violation est susceptible d'entra\u00eener un risque \u00e9lev\u00e9 pour vos droits et libert\u00e9s, nous vous en informerons directement sans retard injustifi\u00e9.<\/p><\/div><div class=\"neo-morph p-6 md:p-8 mb-8\"><h2 class=\"text-xl font-medium mb-4\">8. D\u00e9l\u00e9gu\u00e9 \u00e0 la protection des donn\u00e9es<\/h2><p class=\"text-muted-foreground mb-4\">Nous avons nomm\u00e9 un D\u00e9l\u00e9gu\u00e9 \u00e0 la Protection des Donn\u00e9es (DPO) qui est responsable de superviser les questions relatives \u00e0 cette d\u00e9claration de protection des donn\u00e9es et \u00e0 nos pratiques de protection des donn\u00e9es. Si vous avez des questions concernant cette d\u00e9claration ou nos pratiques de protection des donn\u00e9es, veuillez contacter notre DPO \u00e0 <strong>contact@nbautoprestige.com<\/strong>.<\/p><\/div><div class=\"neo-morph p-6 md:p-8 mb-8\"><h2 class=\"text-xl font-medium mb-4\">9. R\u00e9clamations<\/h2><p class=\"text-muted-foreground mb-4\">Si vous avez une pr\u00e9occupation concernant notre traitement de vos donn\u00e9es personnelles, veuillez nous contacter \u00e0 <strong>contact@nbautoprestige.com<\/strong> afin que nous puissions r\u00e9pondre \u00e0 votre pr\u00e9occupation. Vous avez \u00e9galement le droit de d\u00e9poser une plainte aupr\u00e8s d'une autorit\u00e9 de contr\u00f4le si vous estimez que notre traitement de vos donn\u00e9es personnelles enfreint les lois sur la protection des donn\u00e9es.<\/p><\/div><\/div>\n\t\t\t\t\t<\/div>\n\t\t\t\t\t\t<\/div>\n\t\t\t\t<\/div>\n\t\t\t\t\t<\/div>\n\t\t\t\t<\/div>\n\t\t\t\t<\/div>\n\t\t","protected":false},"excerpt":{"rendered":"<p>1. Principes de protection des donn\u00e9es NB AUTO PRESTIGE s&rsquo;engage \u00e0 traiter les donn\u00e9es conform\u00e9ment \u00e0 ses responsabilit\u00e9s en vertu<\/p>\n","protected":false},"author":2,"featured_media":0,"parent":0,"menu_order":0,"comment_status":"closed","ping_status":"closed","template":"","meta":{"footnotes":""},"class_list":["post-8630","page","type-page","status-publish","hentry"],"_links":{"self":[{"href":"https:\/\/nbautoprestige.com\/index.php\/wp-json\/wp\/v2\/pages\/8630","targetHints":{"allow":["GET"]}}],"collection":[{"href":"https:\/\/nbautoprestige.com\/index.php\/wp-json\/wp\/v2\/pages"}],"about":[{"href":"https:\/\/nbautoprestige.com\/index.php\/wp-json\/wp\/v2\/types\/page"}],"author":[{"embeddable":true,"href":"https:\/\/nbautoprestige.com\/index.php\/wp-json\/wp\/v2\/users\/2"}],"replies":[{"embeddable":true,"href":"https:\/\/nbautoprestige.com\/index.php\/wp-json\/wp\/v2\/comments?post=8630"}],"version-history":[{"count":8,"href":"https:\/\/nbautoprestige.com\/index.php\/wp-json\/wp\/v2\/pages\/8630\/revisions"}],"predecessor-version":[{"id":9141,"href":"https:\/\/nbautoprestige.com\/index.php\/wp-json\/wp\/v2\/pages\/8630\/revisions\/9141"}],"wp:attachment":[{"href":"https:\/\/nbautoprestige.com\/index.php\/wp-json\/wp\/v2\/media?parent=8630"}],"curies":[{"name":"wp","href":"https:\/\/api.w.org\/{rel}","templated":true}]}}